{"id":4,"date":"2026-03-14T11:58:51","date_gmt":"2026-03-14T10:58:51","guid":{"rendered":"https:\/\/litroo.com\/fr-fr\/?page_id=4"},"modified":"2026-03-25T13:03:48","modified_gmt":"2026-03-25T12:03:48","slug":"accueil","status":"publish","type":"page","link":"https:\/\/litroo.com\/fr-fr\/","title":{"rendered":"Accueil"},"content":{"rendered":"\t\t<div data-elementor-type=\"wp-page\" data-elementor-id=\"4\" class=\"elementor elementor-4\" data-elementor-post-type=\"page\">\n\t\t\t\t<div class=\"elementor-element elementor-element-7af57e8 e-flex e-con-boxed e-con e-parent\" data-id=\"7af57e8\" data-element_type=\"container\" data-e-type=\"container\">\n\t\t\t\t\t<div class=\"e-con-inner\">\n\t\t\t\t<div class=\"elementor-element elementor-element-b028d02 elementor-widget elementor-widget-shortcode\" data-id=\"b028d02\" data-element_type=\"widget\" data-e-type=\"widget\" data-widget_type=\"shortcode.default\">\n\t\t\t\t\t\t\t<div class=\"elementor-shortcode\">        <div class=\"litroo-page-wrapper litroo-accueil-wrapper\">\n\n    <!-- ============================================================ -->\n    <!-- HERO -->\n    <!-- ============================================================ -->\n    <div class=\"litroo-hero-region litroo-hero-accueil\">\n        <h1 class=\"litroo-hero-region-h1\" style=\"max-width:660px;margin-left:auto;margin-right:auto\">Prix carburant : trouvez les stations les moins ch\u00e8res <span class=\"litroo-hero-region-nom\">pr\u00e8s de chez vous<\/span><\/h1>\n        <p class=\"litroo-hero-region-intro\" style=\"max-width:560px\">Comparez les prix du carburant en France, recherchez une ville ou un code postal et trouvez rapidement les stations les moins ch\u00e8res autour de vous.<\/p>\n                <p class=\"litroo-hero-region-sync\">Donn\u00e9es officielles \u00b7 Mise \u00e0 jour le 16\/04\/2026 \u00e0 12h39<\/p>\n                <div class=\"litroo-hero-region-search-row\">\n            <div class=\"litroo-hero-region-search-wrap\">\n                <input type=\"text\" id=\"litroo-search\" class=\"litroo-search-input litroo-hero-region-search-input\" placeholder=\"Ville, D\u00e9partement, R\u00e9gion\" autocomplete=\"off\">\n                <button class=\"litroo-search-btn litroo-hero-region-search-btn\" id=\"litroo-search-submit\" aria-label=\"Rechercher\">\n                    <svg xmlns=\"http:\/\/www.w3.org\/2000\/svg\" width=\"16\" height=\"16\" viewBox=\"0 0 24 24\" fill=\"none\" stroke=\"#fff\" stroke-width=\"2.5\"><circle cx=\"11\" cy=\"11\" r=\"8\"\/><line x1=\"21\" y1=\"21\" x2=\"16.65\" y2=\"16.65\"\/><\/svg>\n                <\/button>\n                <div id=\"litroo-search-results\" class=\"litroo-search-dropdown\" style=\"display:none\"><\/div>\n            <\/div>\n            <span class=\"litroo-hero-region-sep\">\u2014<\/span>\n            <button class=\"litroo-hero-region-autour-btn\" onclick=\"this.innerHTML='\ud83d\udccd Chargement...';this.disabled=true;window.location.href='https:\/\/litroo.com\/fr-fr\/autour-de-moi\/'\">\n                <svg xmlns=\"http:\/\/www.w3.org\/2000\/svg\" width=\"15\" height=\"15\" viewBox=\"0 0 24 24\" fill=\"none\" stroke=\"#f0a500\" stroke-width=\"2.5\"><path d=\"M12 2C8.13 2 5 5.13 5 9c0 5.25 7 13 7 13s7-7.75 7-13c0-3.87-3.13-7-7-7z\"\/><circle cx=\"12\" cy=\"9\" r=\"2.5\"\/><\/svg>\n                Autour de moi\n            <\/button>\n        <\/div>\n        \n    <\/div>\n\n    <!-- ============================================================ -->\n    <!-- ACCES RAPIDE -->\n    <!-- ============================================================ -->\n    <div class=\"litroo-bloc-header\"><h2 class=\"litroo-bloc-h2\">Acc\u00e8s rapide<\/h2><p class=\"litroo-bloc-intro\">Choisissez votre mode de recherche pour trouver rapidement le carburant le moins cher.<\/p><\/div>    <div class=\"litroo-accueil-acces-grid\">\n        <a href=\"https:\/\/litroo.com\/fr-fr\/autour-de-moi\/\" class=\"litroo-accueil-acces-card\">\n            <div class=\"litroo-accueil-acces-icon\">\ud83d\udccd<\/div>\n            <div class=\"litroo-accueil-acces-titre\">Autour de moi<\/div>\n            <div class=\"litroo-accueil-acces-desc\">Trouver les stations proches<\/div>\n        <\/a>\n        <a href=\"https:\/\/litroo.com\/fr-fr\/prix-carburant\/villes\/\" class=\"litroo-accueil-acces-card\">\n            <div class=\"litroo-accueil-acces-icon\">\ud83c\udfd9\ufe0f<\/div>\n            <div class=\"litroo-accueil-acces-titre\">Par ville<\/div>\n            <div class=\"litroo-accueil-acces-desc\">Comparer les prix par ville<\/div>\n        <\/a>\n        <a href=\"https:\/\/litroo.com\/fr-fr\/prix-carburant\/departements\/\" class=\"litroo-accueil-acces-card\">\n            <div class=\"litroo-accueil-acces-icon\">\ud83d\uddfa\ufe0f<\/div>\n            <div class=\"litroo-accueil-acces-titre\">Par d\u00e9partement<\/div>\n            <div class=\"litroo-accueil-acces-desc\">Explorer les prix par d\u00e9partement<\/div>\n        <\/a>\n        <a href=\"https:\/\/litroo.com\/fr-fr\/prix-carburant\/regions\/\" class=\"litroo-accueil-acces-card\">\n            <div class=\"litroo-accueil-acces-icon\">\ud83d\udce1<\/div>\n            <div class=\"litroo-accueil-acces-titre\">Par r\u00e9gion<\/div>\n            <div class=\"litroo-accueil-acces-desc\">Voir les prix par r\u00e9gion<\/div>\n        <\/a>\n    <\/div>\n    <div class=\"litroo-maillage-liens\" style=\"margin-top:16px\">\n        <a href=\"https:\/\/litroo.com\/fr-fr\/prix-carburant\/\" class=\"litroo-maillage-btn\" style=\"background:#1a3a6b;color:#fff;border-color:#1a3a6b\">Explorer tous les prix carburant en France<\/a>\n    <\/div>\n\n    <!-- ============================================================ -->\n    <!-- AUTOUR DE MOI -->\n    <!-- ============================================================ -->\n    <div class=\"litroo-bloc-header\"><h2 class=\"litroo-bloc-h2\">Trouver une station autour de moi<\/h2><p class=\"litroo-bloc-intro\">Activez votre position pour comparer rapidement les stations les moins ch\u00e8res pr\u00e8s de vous.<\/p><\/div>    <div class=\"litroo-accueil-autour\">\n        <p class=\"litroo-accueil-autour-text\">Activez la g\u00e9olocalisation pour voir en temps r\u00e9el les stations les moins ch\u00e8res autour de vous, tri\u00e9es par prix ou par distance.<\/p>\n        <a href=\"https:\/\/litroo.com\/fr-fr\/autour-de-moi\/\" class=\"litroo-accueil-autour-cta\">\n            <svg xmlns=\"http:\/\/www.w3.org\/2000\/svg\" width=\"16\" height=\"16\" viewBox=\"0 0 24 24\" fill=\"none\" stroke=\"currentColor\" stroke-width=\"2.5\"><path d=\"M12 2C8.13 2 5 5.13 5 9c0 5.25 7 13 7 13s7-7.75 7-13c0-3.87-3.13-7-7-7z\"\/><circle cx=\"12\" cy=\"9\" r=\"2.5\"\/><\/svg>\n            Voir les stations autour de moi\n        <\/a>\n    <\/div>\n\n    <!-- ============================================================ -->\n    <!-- PRIX MOYENS NATIONAUX -->\n    <!-- ============================================================ -->\n    <div class=\"litroo-bloc-header\"><h2 class=\"litroo-bloc-h2\">Prix moyens des carburants en France<\/h2><p class=\"litroo-bloc-intro\">Consultez les moyennes nationales par carburant avant de comparer les stations pr\u00e8s de chez vous.<\/p><\/div>    <div class=\"litroo-accueil-prix-grid\">\n                <div class=\"litroo-accueil-prix-card\">\n            <div class=\"litroo-accueil-prix-header\">\n                <span class=\"litroo-stats-carb-nom\">Gazole<\/span>\n            <\/div>\n            <div class=\"litroo-accueil-prix-val\">2,283 \u20ac<\/div>\n            <div class=\"litroo-accueil-prix-maj\">\n                <span class=\"litroo-accueil-prix-dot\">\u25cf<\/span> MAJ &nbsp;&nbsp;&nbsp; 16\/04\/2026            <\/div>\n        <\/div>\n                <div class=\"litroo-accueil-prix-card\">\n            <div class=\"litroo-accueil-prix-header\">\n                <span class=\"litroo-stats-carb-nom\">E10<\/span>\n            <\/div>\n            <div class=\"litroo-accueil-prix-val\">1,987 \u20ac<\/div>\n            <div class=\"litroo-accueil-prix-maj\">\n                <span class=\"litroo-accueil-prix-dot\">\u25cf<\/span> MAJ &nbsp;&nbsp;&nbsp; 16\/04\/2026            <\/div>\n        <\/div>\n                <div class=\"litroo-accueil-prix-card\">\n            <div class=\"litroo-accueil-prix-header\">\n                <span class=\"litroo-stats-carb-nom\">SP95<\/span>\n            <\/div>\n            <div class=\"litroo-accueil-prix-val\">2,045 \u20ac<\/div>\n            <div class=\"litroo-accueil-prix-maj\">\n                <span class=\"litroo-accueil-prix-dot\">\u25cf<\/span> MAJ &nbsp;&nbsp;&nbsp; 16\/04\/2026            <\/div>\n        <\/div>\n                <div class=\"litroo-accueil-prix-card\">\n            <div class=\"litroo-accueil-prix-header\">\n                <span class=\"litroo-stats-carb-nom\">SP98<\/span>\n            <\/div>\n            <div class=\"litroo-accueil-prix-val\">2,081 \u20ac<\/div>\n            <div class=\"litroo-accueil-prix-maj\">\n                <span class=\"litroo-accueil-prix-dot\">\u25cf<\/span> MAJ &nbsp;&nbsp;&nbsp; 16\/04\/2026            <\/div>\n        <\/div>\n                <div class=\"litroo-accueil-prix-card\">\n            <div class=\"litroo-accueil-prix-header\">\n                <span class=\"litroo-stats-carb-nom\">E85<\/span>\n            <\/div>\n            <div class=\"litroo-accueil-prix-val\">0,843 \u20ac<\/div>\n            <div class=\"litroo-accueil-prix-maj\">\n                <span class=\"litroo-accueil-prix-dot\">\u25cf<\/span> MAJ &nbsp;&nbsp;&nbsp; 16\/04\/2026            <\/div>\n        <\/div>\n                <div class=\"litroo-accueil-prix-card\">\n            <div class=\"litroo-accueil-prix-header\">\n                <span class=\"litroo-stats-carb-nom\">GPLc<\/span>\n            <\/div>\n            <div class=\"litroo-accueil-prix-val\">1,050 \u20ac<\/div>\n            <div class=\"litroo-accueil-prix-maj\">\n                <span class=\"litroo-accueil-prix-dot\">\u25cf<\/span> MAJ &nbsp;&nbsp;&nbsp; 16\/04\/2026            <\/div>\n        <\/div>\n            <\/div>\n    <p style=\"text-align:center;font-size:0.75rem;color:#888;margin:8px 0 0\">SOURCE OFFICIELLE \u00b7 PRIX-CARBURANTS.GOUV.FR<\/p>\n\n    <!-- ============================================================ -->\n    <!-- GRANDES VILLES -->\n    <!-- ============================================================ -->\n    <div class=\"litroo-bloc-header\"><h2 class=\"litroo-bloc-h2\">Prix carburant dans les grandes villes<\/h2><p class=\"litroo-bloc-intro\">Acc\u00e9dez rapidement aux principales villes pour comparer les stations essence et les prix du carburant.<\/p><\/div>    <div class=\"litroo-villes-proches\">\n                <a href=\"https:\/\/litroo.com\/fr-fr\/prix-carburant\/paris\/paris\/\"\n           class=\"litroo-dept-ville-lien\"\n           aria-label=\"Prix carburant Paris\">\n            <span class=\"litroo-dept-ville-nom\">Paris<\/span>\n            <span class=\"litroo-dept-ville-meta\" style=\"color:#1a73e8;font-weight:600\">\u2192<\/span>\n        <\/a>\n                <a href=\"https:\/\/litroo.com\/fr-fr\/prix-carburant\/rhone\/lyon\/\"\n           class=\"litroo-dept-ville-lien\"\n           aria-label=\"Prix carburant Lyon\">\n            <span class=\"litroo-dept-ville-nom\">Lyon<\/span>\n            <span class=\"litroo-dept-ville-meta\" style=\"color:#1a73e8;font-weight:600\">\u2192<\/span>\n        <\/a>\n                <a href=\"https:\/\/litroo.com\/fr-fr\/prix-carburant\/bouches-du-rhone\/marseille\/\"\n           class=\"litroo-dept-ville-lien\"\n           aria-label=\"Prix carburant Marseille\">\n            <span class=\"litroo-dept-ville-nom\">Marseille<\/span>\n            <span class=\"litroo-dept-ville-meta\" style=\"color:#1a73e8;font-weight:600\">\u2192<\/span>\n        <\/a>\n                <a href=\"https:\/\/litroo.com\/fr-fr\/prix-carburant\/haute-garonne\/toulouse\/\"\n           class=\"litroo-dept-ville-lien\"\n           aria-label=\"Prix carburant Toulouse\">\n            <span class=\"litroo-dept-ville-nom\">Toulouse<\/span>\n            <span class=\"litroo-dept-ville-meta\" style=\"color:#1a73e8;font-weight:600\">\u2192<\/span>\n        <\/a>\n                <a href=\"https:\/\/litroo.com\/fr-fr\/prix-carburant\/alpes-maritimes\/nice\/\"\n           class=\"litroo-dept-ville-lien\"\n           aria-label=\"Prix carburant Nice\">\n            <span class=\"litroo-dept-ville-nom\">Nice<\/span>\n            <span class=\"litroo-dept-ville-meta\" style=\"color:#1a73e8;font-weight:600\">\u2192<\/span>\n        <\/a>\n                <a href=\"https:\/\/litroo.com\/fr-fr\/prix-carburant\/loire-atlantique\/nantes\/\"\n           class=\"litroo-dept-ville-lien\"\n           aria-label=\"Prix carburant Nantes\">\n            <span class=\"litroo-dept-ville-nom\">Nantes<\/span>\n            <span class=\"litroo-dept-ville-meta\" style=\"color:#1a73e8;font-weight:600\">\u2192<\/span>\n        <\/a>\n                <a href=\"https:\/\/litroo.com\/fr-fr\/prix-carburant\/bas-rhin\/strasbourg\/\"\n           class=\"litroo-dept-ville-lien\"\n           aria-label=\"Prix carburant Strasbourg\">\n            <span class=\"litroo-dept-ville-nom\">Strasbourg<\/span>\n            <span class=\"litroo-dept-ville-meta\" style=\"color:#1a73e8;font-weight:600\">\u2192<\/span>\n        <\/a>\n                <a href=\"https:\/\/litroo.com\/fr-fr\/prix-carburant\/herault\/montpellier\/\"\n           class=\"litroo-dept-ville-lien\"\n           aria-label=\"Prix carburant Montpellier\">\n            <span class=\"litroo-dept-ville-nom\">Montpellier<\/span>\n            <span class=\"litroo-dept-ville-meta\" style=\"color:#1a73e8;font-weight:600\">\u2192<\/span>\n        <\/a>\n                <a href=\"https:\/\/litroo.com\/fr-fr\/prix-carburant\/gironde\/bordeaux\/\"\n           class=\"litroo-dept-ville-lien\"\n           aria-label=\"Prix carburant Bordeaux\">\n            <span class=\"litroo-dept-ville-nom\">Bordeaux<\/span>\n            <span class=\"litroo-dept-ville-meta\" style=\"color:#1a73e8;font-weight:600\">\u2192<\/span>\n        <\/a>\n                <a href=\"https:\/\/litroo.com\/fr-fr\/prix-carburant\/nord\/lille\/\"\n           class=\"litroo-dept-ville-lien\"\n           aria-label=\"Prix carburant Lille\">\n            <span class=\"litroo-dept-ville-nom\">Lille<\/span>\n            <span class=\"litroo-dept-ville-meta\" style=\"color:#1a73e8;font-weight:600\">\u2192<\/span>\n        <\/a>\n                <a href=\"https:\/\/litroo.com\/fr-fr\/prix-carburant\/ille-et-vilaine\/rennes\/\"\n           class=\"litroo-dept-ville-lien\"\n           aria-label=\"Prix carburant Rennes\">\n            <span class=\"litroo-dept-ville-nom\">Rennes<\/span>\n            <span class=\"litroo-dept-ville-meta\" style=\"color:#1a73e8;font-weight:600\">\u2192<\/span>\n        <\/a>\n                <a href=\"https:\/\/litroo.com\/fr-fr\/prix-carburant\/marne\/reims\/\"\n           class=\"litroo-dept-ville-lien\"\n           aria-label=\"Prix carburant Reims\">\n            <span class=\"litroo-dept-ville-nom\">Reims<\/span>\n            <span class=\"litroo-dept-ville-meta\" style=\"color:#1a73e8;font-weight:600\">\u2192<\/span>\n        <\/a>\n            <\/div>\n    <div class=\"litroo-maillage-liens\">\n        <a href=\"https:\/\/litroo.com\/fr-fr\/prix-carburant\/villes\/\" class=\"litroo-maillage-btn\">Voir toutes les villes<\/a>\n    <\/div>\n\n    <!-- ============================================================ -->\n    <!-- POURQUOI LITROO -->\n    <!-- ============================================================ -->\n    <div class=\"litroo-bloc-header\"><h2 class=\"litroo-bloc-h2\">Pourquoi utiliser Litroo ?<\/h2><p class=\"litroo-bloc-intro\">Un outil simple, fiable et gratuit pour comparer les prix du carburant en France.<\/p><\/div>    <div class=\"litroo-accueil-pourquoi-grid\">\n        <div class=\"litroo-accueil-pourquoi-card\">\n            <div class=\"litroo-accueil-pourquoi-icon\">\ud83c\udfdb\ufe0f<\/div>\n            <div class=\"litroo-accueil-pourquoi-titre\">Donn\u00e9es officielles<\/div>\n            <p class=\"litroo-accueil-pourquoi-text\">Les prix affich\u00e9s proviennent directement de prix-carburants.gouv.fr, la source officielle du gouvernement fran\u00e7ais.<\/p>\n        <\/div>\n        <div class=\"litroo-accueil-pourquoi-card\">\n            <div class=\"litroo-accueil-pourquoi-icon\">\u26a1<\/div>\n            <div class=\"litroo-accueil-pourquoi-titre\">Comparaison rapide<\/div>\n            <p class=\"litroo-accueil-pourquoi-text\">Comparez les stations par ville, d\u00e9partement ou r\u00e9gion en quelques secondes. Filtrez par carburant selon vos besoins.<\/p>\n        <\/div>\n        <div class=\"litroo-accueil-pourquoi-card\">\n            <div class=\"litroo-accueil-pourquoi-icon\">\ud83d\udd04<\/div>\n            <div class=\"litroo-accueil-pourquoi-titre\">Mises \u00e0 jour r\u00e9guli\u00e8res<\/div>\n            <p class=\"litroo-accueil-pourquoi-text\">Les prix sont synchronis\u00e9s r\u00e9guli\u00e8rement pour vous garantir les informations les plus r\u00e9centes disponibles.<\/p>\n        <\/div>\n    <\/div>\n\n    <!-- ============================================================ -->\n    <!-- SOURCE OFFICIELLE -->\n    <!-- ============================================================ -->\n    <div class=\"litroo-bloc-header\"><h2 class=\"litroo-bloc-h2\">Source officielle des prix des carburants<\/h2><p class=\"litroo-bloc-intro\">Litroo s&#039;appuie sur les donn\u00e9es publiques de prix-carburants.gouv pour afficher des prix, des mises \u00e0 jour et des statuts lisibles.<\/p><\/div>    <div class=\"litroo-source-grid\">\n        <div class=\"litroo-source-card\"><div class=\"litroo-source-card-title\">Source officielle<\/div><div class=\"litroo-source-card-bar\"><\/div><p class=\"litroo-source-card-text\">Les prix affich\u00e9s proviennent des donn\u00e9es publiques issues de prix-carburants.gouv, utilis\u00e9es par Litroo pour afficher les tarifs relev\u00e9s dans les stations.<\/p><\/div>\n        <div class=\"litroo-source-card\"><div class=\"litroo-source-card-title\">Synchronisation r\u00e9guli\u00e8re<\/div><div class=\"litroo-source-card-bar\"><\/div><p class=\"litroo-source-card-text\">Les informations sont mises \u00e0 jour r\u00e9guli\u00e8rement. La date et l'heure affich\u00e9es sur les pages permettent de juger rapidement la fra\u00eecheur des prix consult\u00e9s.<\/p><\/div>\n        <div class=\"litroo-source-card\"><div class=\"litroo-source-card-title\">Lecture des statuts<\/div><div class=\"litroo-source-card-bar\"><\/div><p class=\"litroo-source-card-text\">Les mentions comme rupture, non communiqu\u00e9 ou ancien signalent respectivement une indisponibilit\u00e9, une donn\u00e9e absente ou une mise \u00e0 jour tardive.<\/p><\/div>\n    <\/div>\n\n    <!-- ============================================================ -->\n    <!-- EDITORIAL SEO -->\n    <!-- ============================================================ -->\n    <div class=\"litroo-bloc-header\"><h2 class=\"litroo-bloc-h2\">Comparer les prix du carburant en France<\/h2><p class=\"litroo-bloc-intro\">Litroo vous permet de trouver rapidement les stations les moins ch\u00e8res pr\u00e8s de chez vous.<\/p><\/div>    <div class=\"litroo-dept-texte-seo\">\n        <p>Litroo est un comparateur de prix du carburant en France. Que vous cherchiez du Gazole, du SP95, de l'E10, du SP98, de l'E85 ou du GPLc, vous pouvez comparer les stations-service par <a href=\"https:\/\/litroo.com\/fr-fr\/prix-carburant\/\" style=\"color:#1a73e8\">ville<\/a>, par <a href=\"https:\/\/litroo.com\/fr-fr\/prix-carburant\/\" style=\"color:#1a73e8\">d\u00e9partement<\/a> ou par <a href=\"https:\/\/litroo.com\/fr-fr\/prix-carburant\/regions\/\" style=\"color:#1a73e8\">r\u00e9gion<\/a>. Les prix sont issus des donn\u00e9es officielles de prix-carburants.gouv.fr et mis \u00e0 jour r\u00e9guli\u00e8rement.<\/p>\n        <p>Utilisez la barre de recherche pour trouver rapidement les prix dans votre ville ou votre code postal. Activez la g\u00e9olocalisation pour d\u00e9couvrir les stations les moins ch\u00e8res autour de vous en temps r\u00e9el.<\/p>\n    <\/div>\n\n    <\/div><!-- \/litroo-page-wrapper -->\n\n    <style>\n    \/* \u2500\u2500 Hero accueil \u2500\u2500\u2500\u2500\u2500\u2500\u2500\u2500\u2500\u2500\u2500\u2500\u2500\u2500\u2500\u2500\u2500\u2500\u2500\u2500\u2500\u2500\u2500\u2500\u2500\u2500\u2500\u2500\u2500\u2500\u2500\u2500\u2500\u2500\u2500\u2500\u2500\u2500\u2500\u2500\u2500\u2500 *\/\n    .litroo-hero-accueil { padding: 32px 20px 28px; }\n    .litroo-accueil-reassurance {\n        font-size: 0.75rem;\n        color: #888;\n        margin: 14px auto 0;\n        text-align: center;\n    }\n\n    \/* \u2500\u2500 Acc\u00e8s rapide \u2500\u2500\u2500\u2500\u2500\u2500\u2500\u2500\u2500\u2500\u2500\u2500\u2500\u2500\u2500\u2500\u2500\u2500\u2500\u2500\u2500\u2500\u2500\u2500\u2500\u2500\u2500\u2500\u2500\u2500\u2500\u2500\u2500\u2500\u2500\u2500\u2500\u2500\u2500\u2500\u2500\u2500 *\/\n    .litroo-accueil-acces-grid {\n        display: grid;\n        grid-template-columns: repeat(4, 1fr);\n        gap: 12px;\n        margin: 12px 0 0;\n    }\n    @media (max-width: 640px) {\n        .litroo-accueil-acces-grid { grid-template-columns: repeat(2, 1fr); }\n    }\n    .litroo-accueil-acces-card {\n        display: flex;\n        flex-direction: column;\n        align-items: center;\n        text-align: center;\n        padding: 20px 12px;\n        border: 2px solid #1a73e8;\n        border-radius: 10px;\n        background: #fff;\n        text-decoration: none;\n        transition: border-color .15s, background .15s;\n        gap: 6px;\n    }\n    .litroo-accueil-acces-card:hover {\n        border-color: #1a3a6b;\n        background: #f8faff;\n    }\n    .litroo-accueil-acces-icon { font-size: 1.6rem; line-height: 1; }\n    .litroo-accueil-acces-titre { font-size: 0.95rem; font-weight: 700; color: #1a3a6b; }\n    .litroo-accueil-acces-desc { font-size: 0.78rem; color: #555; line-height: 1.4; }\n\n    \/* \u2500\u2500 Autour de moi \u2500\u2500\u2500\u2500\u2500\u2500\u2500\u2500\u2500\u2500\u2500\u2500\u2500\u2500\u2500\u2500\u2500\u2500\u2500\u2500\u2500\u2500\u2500\u2500\u2500\u2500\u2500\u2500\u2500\u2500\u2500\u2500\u2500\u2500\u2500\u2500\u2500\u2500\u2500\u2500\u2500 *\/\n    .litroo-accueil-autour {\n        background: #f7f9fd;\n        border: 1.5px solid #e0e8f5;\n        border-radius: 10px;\n        padding: 24px 20px;\n        margin: 12px 0 0;\n        text-align: center;\n    }\n    .litroo-accueil-autour-text {\n        font-size: 0.92rem;\n        color: #444;\n        margin: 0 auto 16px;\n        max-width: 520px;\n        line-height: 1.6;\n    }\n    .litroo-accueil-autour-cta {\n        display: inline-flex;\n        align-items: center;\n        gap: 8px;\n        background: #1a3a6b;\n        color: #fff;\n        border-radius: 8px;\n        padding: 12px 24px;\n        font-size: 0.93rem;\n        font-weight: 700;\n        text-decoration: none;\n        transition: background .15s;\n    }\n    .litroo-accueil-autour-cta:hover { background: #1a73e8; }\n\n    \/* \u2500\u2500 Prix moyens \u2500\u2500\u2500\u2500\u2500\u2500\u2500\u2500\u2500\u2500\u2500\u2500\u2500\u2500\u2500\u2500\u2500\u2500\u2500\u2500\u2500\u2500\u2500\u2500\u2500\u2500\u2500\u2500\u2500\u2500\u2500\u2500\u2500\u2500\u2500\u2500\u2500\u2500\u2500\u2500\u2500\u2500\u2500 *\/\n    .litroo-accueil-prix-grid {\n        display: grid;\n        grid-template-columns: repeat(6, 1fr);\n        gap: 8px;\n        margin: 12px 0 0;\n    }\n    @media (max-width: 900px) {\n        .litroo-accueil-prix-grid { grid-template-columns: repeat(3, 1fr); }\n    }\n    @media (max-width: 480px) {\n        .litroo-accueil-prix-grid { grid-template-columns: repeat(2, 1fr); }\n    }\n    .litroo-accueil-prix-card {\n        border: 2px solid #1a73e8;\n        border-radius: 8px;\n        padding: 10px 12px;\n        background: #fff;\n    }\n    .litroo-accueil-prix-header {\n        display: flex;\n        justify-content: flex-start;\n        align-items: center;\n        margin-bottom: 6px;\n    }\n    .litroo-accueil-prix-val {\n        font-size: 1.3rem;\n        font-weight: 800;\n        color: #1a3a6b;\n        margin-bottom: 6px;\n        line-height: 1;\n    }\n    .litroo-accueil-prix-maj {\n        font-size: 0.68rem;\n        color: #888;\n        display: flex;\n        align-items: center;\n        gap: 4px;\n    }\n    .litroo-accueil-prix-dot { color: #f0a500; font-size: 0.55rem; }\n\n    \/* \u2500\u2500 Pourquoi Litroo \u2500\u2500\u2500\u2500\u2500\u2500\u2500\u2500\u2500\u2500\u2500\u2500\u2500\u2500\u2500\u2500\u2500\u2500\u2500\u2500\u2500\u2500\u2500\u2500\u2500\u2500\u2500\u2500\u2500\u2500\u2500\u2500\u2500\u2500\u2500\u2500\u2500\u2500\u2500 *\/\n    .litroo-accueil-pourquoi-grid {\n        display: grid;\n        grid-template-columns: repeat(3, 1fr);\n        gap: 12px;\n        margin: 12px 0 0;\n    }\n    @media (max-width: 640px) {\n        .litroo-accueil-pourquoi-grid { grid-template-columns: 1fr; }\n    }\n    .litroo-accueil-pourquoi-card {\n        border: 2px solid #e0e8f5;\n        border-radius: 10px;\n        padding: 20px 16px;\n        background: #fff;\n        text-align: center;\n    }\n    .litroo-accueil-pourquoi-icon { font-size: 1.8rem; margin-bottom: 10px; }\n    .litroo-accueil-pourquoi-titre {\n        font-size: 1rem;\n        font-weight: 700;\n        color: #1a3a6b;\n        margin-bottom: 8px;\n    }\n    .litroo-accueil-pourquoi-text {\n        font-size: 0.85rem;\n        color: #444;\n        line-height: 1.6;\n        margin: 0;\n    }\n    <\/style>\n\n    <\/div>\n\t\t\t\t\t\t<\/div>\n\t\t\t\t\t<\/div>\n\t\t\t\t<\/div>\n\t\t\t\t<\/div>\n\t\t","protected":false},"excerpt":{"rendered":"","protected":false},"author":1,"featured_media":0,"parent":0,"menu_order":0,"comment_status":"closed","ping_status":"closed","template":"","meta":{"_acf_changed":false,"footnotes":""},"class_list":["post-4","page","type-page","status-publish","hentry"],"blocksy_meta":[],"acf":[],"_links":{"self":[{"href":"https:\/\/litroo.com\/fr-fr\/wp-json\/wp\/v2\/pages\/4","targetHints":{"allow":["GET"]}}],"collection":[{"href":"https:\/\/litroo.com\/fr-fr\/wp-json\/wp\/v2\/pages"}],"about":[{"href":"https:\/\/litroo.com\/fr-fr\/wp-json\/wp\/v2\/types\/page"}],"author":[{"embeddable":true,"href":"https:\/\/litroo.com\/fr-fr\/wp-json\/wp\/v2\/users\/1"}],"replies":[{"embeddable":true,"href":"https:\/\/litroo.com\/fr-fr\/wp-json\/wp\/v2\/comments?post=4"}],"version-history":[{"count":5,"href":"https:\/\/litroo.com\/fr-fr\/wp-json\/wp\/v2\/pages\/4\/revisions"}],"predecessor-version":[{"id":6257,"href":"https:\/\/litroo.com\/fr-fr\/wp-json\/wp\/v2\/pages\/4\/revisions\/6257"}],"wp:attachment":[{"href":"https:\/\/litroo.com\/fr-fr\/wp-json\/wp\/v2\/media?parent=4"}],"curies":[{"name":"wp","href":"https:\/\/api.w.org\/{rel}","templated":true}]}}